{"id":4617,"date":"2025-05-29T20:13:34","date_gmt":"2025-05-29T18:13:34","guid":{"rendered":"https:\/\/www.swissaquademy.com\/?page_id=4617"},"modified":"2025-08-19T20:39:54","modified_gmt":"2025-08-19T18:39:54","slug":"location","status":"publish","type":"page","link":"https:\/\/www.swissaquademy.com\/fr\/location\/","title":{"rendered":"LIEUX"},"content":{"rendered":"<div data-elementor-type=\"wp-page\" data-elementor-id=\"4617\" class=\"elementor elementor-4617\">\n\t\t\t\t<div class=\"elementor-element elementor-element-c93912a e-flex e-con-boxed e-con e-parent\" data-id=\"c93912a\" data-element_type=\"container\" data-e-type=\"container\" data-settings=\"{&quot;background_background&quot;:&quot;classic&quot;}\">\n\t\t\t\t\t<div class=\"e-con-inner\">\n\t\t\t\t<div class=\"elementor-element elementor-element-f927337 elementor-widget elementor-widget-heading\" data-id=\"f927337\" data-element_type=\"widget\" data-e-type=\"widget\" data-widget_type=\"heading.default\">\n\t\t\t\t<div class=\"elementor-widget-container\">\n\t\t\t\t\t<h1 class=\"elementor-heading-title elementor-size-default\">LIEUX<\/h1>\t\t\t\t<\/div>\n\t\t\t\t<\/div>\n\t\t\t\t\t<\/div>\n\t\t\t\t<\/div>\n\t\t\t\t<section class=\"elementor-section elementor-top-section elementor-element elementor-element-49b796e elementor-section-content-middle elementor-section-boxed elementor-section-height-default elementor-section-height-default\" data-id=\"49b796e\" data-element_type=\"section\" data-e-type=\"section\" data-settings=\"{&quot;background_background&quot;:&quot;classic&quot;}\">\n\t\t\t\t\t\t\t<div class=\"elementor-background-overlay\"><\/div>\n\t\t\t\t\t\t\t<div class=\"elementor-container elementor-column-gap-no\">\n\t\t\t\t\t<div class=\"elementor-column elementor-col-100 elementor-top-column elementor-element elementor-element-d0fb356\" data-id=\"d0fb356\" data-element_type=\"column\" data-e-type=\"column\">\n\t\t\t<div class=\"elementor-widget-wrap elementor-element-populated\">\n\t\t\t\t\t\t<div class=\"elementor-element elementor-element-f1a90f7 elementor-widget elementor-widget-heading\" data-id=\"f1a90f7\" data-element_type=\"widget\" data-e-type=\"widget\" data-widget_type=\"heading.default\">\n\t\t\t\t<div class=\"elementor-widget-container\">\n\t\t\t\t\t<h2 class=\"elementor-heading-title elementor-size-default\">Cours de natation pour enfants et perfectionnement technique pour adultes<\/h2>\t\t\t\t<\/div>\n\t\t\t\t<\/div>\n\t\t\t\t<div class=\"elementor-element elementor-element-5639c5e elementor-widget elementor-widget-text-editor\" data-id=\"5639c5e\" data-element_type=\"widget\" data-e-type=\"widget\" data-widget_type=\"text-editor.default\">\n\t\t\t\t<div class=\"elementor-widget-container\">\n\t\t\t\t\t\t\t\t\t<p>Les lieux de cours sont flexibles et d\u00e9termin\u00e9s selon la disponibilit\u00e9 saisonni\u00e8re des piscines, les horaires d'ouverture et vos pr\u00e9f\u00e9rences. L'enseignement peut avoir lieu dans des piscines publiques ou dans votre piscine priv\u00e9e. Les lieux sp\u00e9cifiques seront discut\u00e9s lors de la consultation. <\/p>\t\t\t\t\t\t\t\t<\/div>\n\t\t\t\t<\/div>\n\t\t\t\t\t<\/div>\n\t\t<\/div>\n\t\t\t\t\t<\/div>\n\t\t<\/section>\n\t\t\t\t<section class=\"elementor-section elementor-top-section elementor-element elementor-element-be21d9d elementor-section-content-middle elementor-section-boxed elementor-section-height-default elementor-section-height-default\" data-id=\"be21d9d\" data-element_type=\"section\" data-e-type=\"section\" data-settings=\"{&quot;background_background&quot;:&quot;classic&quot;}\">\n\t\t\t\t\t\t\t<div class=\"elementor-background-overlay\"><\/div>\n\t\t\t\t\t\t\t<div class=\"elementor-container elementor-column-gap-no\">\n\t\t\t\t\t<div class=\"elementor-column elementor-col-100 elementor-top-column elementor-element elementor-element-eaffd8e\" data-id=\"eaffd8e\" data-element_type=\"column\" data-e-type=\"column\">\n\t\t\t<div class=\"elementor-widget-wrap elementor-element-populated\">\n\t\t\t\t\t\t<div class=\"elementor-element elementor-element-a54fd7f elementor-widget elementor-widget-heading\" data-id=\"a54fd7f\" data-element_type=\"widget\" data-e-type=\"widget\" data-widget_type=\"heading.default\">\n\t\t\t\t<div class=\"elementor-widget-container\">\n\t\t\t\t\t<h2 class=\"elementor-heading-title elementor-size-default\">Natation en eau libre<\/h2>\t\t\t\t<\/div>\n\t\t\t\t<\/div>\n\t\t\t\t<div class=\"elementor-element elementor-element-4b37ed8 elementor-widget elementor-widget-text-editor\" data-id=\"4b37ed8\" data-element_type=\"widget\" data-e-type=\"widget\" data-widget_type=\"text-editor.default\">\n\t\t\t\t<div class=\"elementor-widget-container\">\n\t\t\t\t\t\t\t\t\t<p>Tous les cours en eau libre ont lieu au <strong>Tropical Corner,<\/strong> offrant l'environnement naturel id\u00e9al pour d\u00e9velopper la confiance et la technique dans des conditions d'eau libre. <em>Les cours sont soumis \u00e0 des conditions m\u00e9t\u00e9orologiques et aquatiques appropri\u00e9es pour des raisons de s\u00e9curit\u00e9.<\/em><\/p>\t\t\t\t\t\t\t\t<\/div>\n\t\t\t\t<\/div>\n\t\t\t\t<div class=\"elementor-element elementor-element-8f07b77 elementor-widget elementor-widget-google_maps\" data-id=\"8f07b77\" data-element_type=\"widget\" data-e-type=\"widget\" data-widget_type=\"google_maps.default\">\n\t\t\t\t<div class=\"elementor-widget-container\">\n\t\t\t\t\t\t\t<div class=\"elementor-custom-embed\">\n\t\t\t<iframe loading=\"lazy\"\n\t\t\t\t\tsrc=\"https:\/\/maps.google.com\/maps?q=Tropical%20Corner%20Geneva&#038;t=m&#038;z=10&#038;output=embed&#038;iwloc=near\"\n\t\t\t\t\ttitle=\"Tropical Corner Geneva\"\n\t\t\t\t\taria-label=\"Tropical Corner Geneva\"\n\t\t\t><\/iframe>\n\t\t<\/div>\n\t\t\t\t\t\t<\/div>\n\t\t\t\t<\/div>\n\t\t\t\t<div class=\"elementor-element elementor-element-e4bcb22 elementor-widget elementor-widget-text-editor\" data-id=\"e4bcb22\" data-element_type=\"widget\" data-e-type=\"widget\" data-widget_type=\"text-editor.default\">\n\t\t\t\t<div class=\"elementor-widget-container\">\n\t\t\t\t\t\t\t\t\t<p><span class=\"LrzXr\">Quai de Cologny 5 &#8211; 9, 1223 Cologny<\/span><\/p><div class=\"elementor-element elementor-element-6429558 elementor-widget elementor-widget-text-editor\" data-id=\"6429558\" data-element_type=\"widget\" data-widget_type=\"text-editor.default\"><div class=\"elementor-widget-container\"><p>Veuillez consulter <a href=\"https:\/\/trop.ch\/\">le site officiel<\/a> pour les horaires<\/p><p>Entr\u00e9e gratuite<\/p><\/div><\/div>\t\t\t\t\t\t\t\t<\/div>\n\t\t\t\t<\/div>\n\t\t\t\t\t<\/div>\n\t\t<\/div>\n\t\t\t\t\t<\/div>\n\t\t<\/section>\n\t\t<div class=\"elementor-element elementor-element-16ed689 e-flex e-con-boxed e-con e-parent\" data-id=\"16ed689\" data-element_type=\"container\" data-e-type=\"container\" data-settings=\"{&quot;background_background&quot;:&quot;classic&quot;}\">\n\t\t\t\t\t<div class=\"e-con-inner\">\n\t\t\t\t<div class=\"elementor-element elementor-element-816dc98 elementor-widget elementor-widget-heading\" data-id=\"816dc98\" data-element_type=\"widget\" data-e-type=\"widget\" data-widget_type=\"heading.default\">\n\t\t\t\t<div class=\"elementor-widget-container\">\n\t\t\t\t\t<h2 class=\"elementor-heading-title elementor-size-default\">Contactez-nous<\/h2>\t\t\t\t<\/div>\n\t\t\t\t<\/div>\n\t\t\t\t<div class=\"elementor-element elementor-element-743be35 elementor-widget elementor-widget-heading\" data-id=\"743be35\" data-element_type=\"widget\" data-e-type=\"widget\" data-widget_type=\"heading.default\">\n\t\t\t\t<div class=\"elementor-widget-container\">\n\t\t\t\t\t<h3 class=\"elementor-heading-title elementor-size-default\">Have questions about our swimming lessons? Reach out via WhatsApp: +41 78 235 02 66<\/h3>\t\t\t\t<\/div>\n\t\t\t\t<\/div>\n\t\t\t\t\t<\/div>\n\t\t\t\t<\/div>\n\t\t\t\t<\/div>","protected":false},"excerpt":{"rendered":"<p>Locations Children&#8217;s Swimming &amp; Adult Technique Lessons Lesson locations are flexible and determined based on seasonal pool availability, opening hours, and your preferences. Instruction can be offered at public pools or\u00a0 at your private pool. Specific locations will be discussed during the consultation. Open Water Swimming All open water lessons take place at Tropical Corner, [&hellip;]<\/p>\n","protected":false},"author":1,"featured_media":0,"parent":0,"menu_order":0,"comment_status":"closed","ping_status":"closed","template":"","meta":{"site-sidebar-layout":"no-sidebar","site-content-layout":"page-builder","ast-site-content-layout":"full-width-container","site-content-style":"unboxed","site-sidebar-style":"unboxed","ast-global-header-display":"","ast-banner-title-visibility":"","ast-main-header-display":"","ast-hfb-above-header-display":"","ast-hfb-below-header-display":"","ast-hfb-mobile-header-display":"","site-post-title":"disabled","ast-breadcrumbs-content":"","ast-featured-img":"","footer-sml-layout":"","ast-disable-related-posts":"","theme-transparent-header-meta":"enabled","adv-header-id-meta":"","stick-header-meta":"","header-above-stick-meta":"","header-main-stick-meta":"","header-below-stick-meta":"","astra-migrate-meta-layouts":"set","ast-page-background-enabled":"default","ast-page-background-meta":{"desktop":{"background-color":"var(--ast-global-color-4)","background-image":"","background-repeat":"repeat","background-position":"center center","background-size":"auto","background-attachment":"scroll","background-type":"","background-media":"","overlay-type":"","overlay-color":"","overlay-opacity":"","overlay-gradient":""},"tablet":{"background-color":"","background-image":"","background-repeat":"repeat","background-position":"center center","background-size":"auto","background-attachment":"scroll","background-type":"","background-media":"","overlay-type":"","overlay-color":"","overlay-opacity":"","overlay-gradient":""},"mobile":{"background-color":"","background-image":"","background-repeat":"repeat","background-position":"center center","background-size":"auto","background-attachment":"scroll","background-type":"","background-media":"","overlay-type":"","overlay-color":"","overlay-opacity":"","overlay-gradient":""}},"ast-content-background-meta":{"desktop":{"background-color":"var(--ast-global-color-5)","background-image":"","background-repeat":"repeat","background-position":"center center","background-size":"auto","background-attachment":"scroll","background-type":"","background-media":"","overlay-type":"","overlay-color":"","overlay-opacity":"","overlay-gradient":""},"tablet":{"background-color":"var(--ast-global-color-5)","background-image":"","background-repeat":"repeat","background-position":"center center","background-size":"auto","background-attachment":"scroll","background-type":"","background-media":"","overlay-type":"","overlay-color":"","overlay-opacity":"","overlay-gradient":""},"mobile":{"background-color":"var(--ast-global-color-5)","background-image":"","background-repeat":"repeat","background-position":"center center","background-size":"auto","background-attachment":"scroll","background-type":"","background-media":"","overlay-type":"","overlay-color":"","overlay-opacity":"","overlay-gradient":""}},"footnotes":""},"class_list":["post-4617","page","type-page","status-publish","hentry"],"yoast_head":"<!-- This site is optimized with the Yoast SEO plugin v27.4 - https:\/\/yoast.com\/product\/yoast-seo-wordpress\/ -->\n<title>LOCATION - Swiss Aquademy<\/title>\n<meta name=\"robots\" content=\"index, follow, max-snippet:-1, max-image-preview:large, max-video-preview:-1\" \/>\n<link rel=\"canonical\" href=\"https:\/\/www.swissaquademy.com\/fr\/location\/\" \/>\n<meta property=\"og:locale\" content=\"fr_FR\" \/>\n<meta property=\"og:type\" content=\"article\" \/>\n<meta property=\"og:title\" content=\"LOCATION - Swiss Aquademy\" \/>\n<meta property=\"og:description\" content=\"Locations Children&#8217;s Swimming &amp; Adult Technique Lessons Lesson locations are flexible and determined based on seasonal pool availability, opening hours, and your preferences. Instruction can be offered at public pools or\u00a0 at your private pool. Specific locations will be discussed during the consultation. Open Water Swimming All open water lessons take place at Tropical Corner, [&hellip;]\" \/>\n<meta property=\"og:url\" content=\"https:\/\/www.swissaquademy.com\/fr\/location\/\" \/>\n<meta property=\"og:site_name\" content=\"Swiss Aquademy\" \/>\n<meta property=\"article:modified_time\" content=\"2025-08-19T18:39:54+00:00\" \/>\n<meta name=\"twitter:card\" content=\"summary_large_image\" \/>\n<meta name=\"twitter:label1\" content=\"Dur\u00e9e de lecture estim\u00e9e\" \/>\n\t<meta name=\"twitter:data1\" content=\"2 minutes\" \/>\n<script type=\"application\/ld+json\" class=\"yoast-schema-graph\">{\"@context\":\"https:\\\/\\\/schema.org\",\"@graph\":[{\"@type\":\"WebPage\",\"@id\":\"https:\\\/\\\/www.swissaquademy.com\\\/location\\\/\",\"url\":\"https:\\\/\\\/www.swissaquademy.com\\\/location\\\/\",\"name\":\"LOCATION - Swiss Aquademy\",\"isPartOf\":{\"@id\":\"https:\\\/\\\/www.swissaquademy.com\\\/#website\"},\"datePublished\":\"2025-05-29T18:13:34+00:00\",\"dateModified\":\"2025-08-19T18:39:54+00:00\",\"breadcrumb\":{\"@id\":\"https:\\\/\\\/www.swissaquademy.com\\\/location\\\/#breadcrumb\"},\"inLanguage\":\"fr-FR\",\"potentialAction\":[{\"@type\":\"ReadAction\",\"target\":[\"https:\\\/\\\/www.swissaquademy.com\\\/location\\\/\"]}]},{\"@type\":\"BreadcrumbList\",\"@id\":\"https:\\\/\\\/www.swissaquademy.com\\\/location\\\/#breadcrumb\",\"itemListElement\":[{\"@type\":\"ListItem\",\"position\":1,\"name\":\"Home\",\"item\":\"https:\\\/\\\/www.swissaquademy.com\\\/\"},{\"@type\":\"ListItem\",\"position\":2,\"name\":\"LOCATION\"}]},{\"@type\":\"WebSite\",\"@id\":\"https:\\\/\\\/www.swissaquademy.com\\\/#website\",\"url\":\"https:\\\/\\\/www.swissaquademy.com\\\/\",\"name\":\"Swiss Aquademy\",\"description\":\"Private Swimming Lessons in Geneva\",\"publisher\":{\"@id\":\"https:\\\/\\\/www.swissaquademy.com\\\/#organization\"},\"potentialAction\":[{\"@type\":\"SearchAction\",\"target\":{\"@type\":\"EntryPoint\",\"urlTemplate\":\"https:\\\/\\\/www.swissaquademy.com\\\/?s={search_term_string}\"},\"query-input\":{\"@type\":\"PropertyValueSpecification\",\"valueRequired\":true,\"valueName\":\"search_term_string\"}}],\"inLanguage\":\"fr-FR\"},{\"@type\":\"Organization\",\"@id\":\"https:\\\/\\\/www.swissaquademy.com\\\/#organization\",\"name\":\"Swiss Aquademy\",\"url\":\"https:\\\/\\\/www.swissaquademy.com\\\/\",\"logo\":{\"@type\":\"ImageObject\",\"inLanguage\":\"fr-FR\",\"@id\":\"https:\\\/\\\/www.swissaquademy.com\\\/#\\\/schema\\\/logo\\\/image\\\/\",\"url\":\"https:\\\/\\\/www.swissaquademy.com\\\/wp-content\\\/uploads\\\/2025\\\/05\\\/cropped-Adobe-Express-file.png\",\"contentUrl\":\"https:\\\/\\\/www.swissaquademy.com\\\/wp-content\\\/uploads\\\/2025\\\/05\\\/cropped-Adobe-Express-file.png\",\"width\":1726,\"height\":1708,\"caption\":\"Swiss Aquademy\"},\"image\":{\"@id\":\"https:\\\/\\\/www.swissaquademy.com\\\/#\\\/schema\\\/logo\\\/image\\\/\"}}]}<\/script>\n<!-- \/ Yoast SEO plugin. -->","yoast_head_json":{"title":"LOCATION - Swiss Aquademy","robots":{"index":"index","follow":"follow","max-snippet":"max-snippet:-1","max-image-preview":"max-image-preview:large","max-video-preview":"max-video-preview:-1"},"canonical":"https:\/\/www.swissaquademy.com\/fr\/location\/","og_locale":"fr_FR","og_type":"article","og_title":"LOCATION - Swiss Aquademy","og_description":"Locations Children&#8217;s Swimming &amp; Adult Technique Lessons Lesson locations are flexible and determined based on seasonal pool availability, opening hours, and your preferences. Instruction can be offered at public pools or\u00a0 at your private pool. Specific locations will be discussed during the consultation. Open Water Swimming All open water lessons take place at Tropical Corner, [&hellip;]","og_url":"https:\/\/www.swissaquademy.com\/fr\/location\/","og_site_name":"Swiss Aquademy","article_modified_time":"2025-08-19T18:39:54+00:00","twitter_card":"summary_large_image","twitter_misc":{"Dur\u00e9e de lecture estim\u00e9e":"2 minutes"},"schema":{"@context":"https:\/\/schema.org","@graph":[{"@type":"WebPage","@id":"https:\/\/www.swissaquademy.com\/location\/","url":"https:\/\/www.swissaquademy.com\/location\/","name":"LOCATION - Swiss Aquademy","isPartOf":{"@id":"https:\/\/www.swissaquademy.com\/#website"},"datePublished":"2025-05-29T18:13:34+00:00","dateModified":"2025-08-19T18:39:54+00:00","breadcrumb":{"@id":"https:\/\/www.swissaquademy.com\/location\/#breadcrumb"},"inLanguage":"fr-FR","potentialAction":[{"@type":"ReadAction","target":["https:\/\/www.swissaquademy.com\/location\/"]}]},{"@type":"BreadcrumbList","@id":"https:\/\/www.swissaquademy.com\/location\/#breadcrumb","itemListElement":[{"@type":"ListItem","position":1,"name":"Home","item":"https:\/\/www.swissaquademy.com\/"},{"@type":"ListItem","position":2,"name":"LOCATION"}]},{"@type":"WebSite","@id":"https:\/\/www.swissaquademy.com\/#website","url":"https:\/\/www.swissaquademy.com\/","name":"Swiss Aquademy","description":"Private Swimming Lessons in Geneva","publisher":{"@id":"https:\/\/www.swissaquademy.com\/#organization"},"potentialAction":[{"@type":"SearchAction","target":{"@type":"EntryPoint","urlTemplate":"https:\/\/www.swissaquademy.com\/?s={search_term_string}"},"query-input":{"@type":"PropertyValueSpecification","valueRequired":true,"valueName":"search_term_string"}}],"inLanguage":"fr-FR"},{"@type":"Organization","@id":"https:\/\/www.swissaquademy.com\/#organization","name":"Swiss Aquademy","url":"https:\/\/www.swissaquademy.com\/","logo":{"@type":"ImageObject","inLanguage":"fr-FR","@id":"https:\/\/www.swissaquademy.com\/#\/schema\/logo\/image\/","url":"https:\/\/www.swissaquademy.com\/wp-content\/uploads\/2025\/05\/cropped-Adobe-Express-file.png","contentUrl":"https:\/\/www.swissaquademy.com\/wp-content\/uploads\/2025\/05\/cropped-Adobe-Express-file.png","width":1726,"height":1708,"caption":"Swiss Aquademy"},"image":{"@id":"https:\/\/www.swissaquademy.com\/#\/schema\/logo\/image\/"}}]}},"_links":{"self":[{"href":"https:\/\/www.swissaquademy.com\/fr\/wp-json\/wp\/v2\/pages\/4617","targetHints":{"allow":["GET"]}}],"collection":[{"href":"https:\/\/www.swissaquademy.com\/fr\/wp-json\/wp\/v2\/pages"}],"about":[{"href":"https:\/\/www.swissaquademy.com\/fr\/wp-json\/wp\/v2\/types\/page"}],"author":[{"embeddable":true,"href":"https:\/\/www.swissaquademy.com\/fr\/wp-json\/wp\/v2\/users\/1"}],"replies":[{"embeddable":true,"href":"https:\/\/www.swissaquademy.com\/fr\/wp-json\/wp\/v2\/comments?post=4617"}],"version-history":[{"count":46,"href":"https:\/\/www.swissaquademy.com\/fr\/wp-json\/wp\/v2\/pages\/4617\/revisions"}],"predecessor-version":[{"id":4865,"href":"https:\/\/www.swissaquademy.com\/fr\/wp-json\/wp\/v2\/pages\/4617\/revisions\/4865"}],"wp:attachment":[{"href":"https:\/\/www.swissaquademy.com\/fr\/wp-json\/wp\/v2\/media?parent=4617"}],"curies":[{"name":"wp","href":"https:\/\/api.w.org\/{rel}","templated":true}]}}