{"id":4575,"date":"2025-05-28T18:28:45","date_gmt":"2025-05-28T16:28:45","guid":{"rendered":"https:\/\/www.swissaquademy.com\/?page_id=4575"},"modified":"2025-08-19T20:38:47","modified_gmt":"2025-08-19T18:38:47","slug":"faq","status":"publish","type":"page","link":"https:\/\/www.swissaquademy.com\/fr\/faq\/","title":{"rendered":"FAQ"},"content":{"rendered":"<div data-elementor-type=\"wp-page\" data-elementor-id=\"4575\" class=\"elementor elementor-4575\">\n\t\t\t\t<div class=\"elementor-element elementor-element-1gcos13 e-flex e-con-boxed e-con e-parent\" data-id=\"1gcos13\" data-element_type=\"container\" data-e-type=\"container\" data-settings=\"{&quot;background_background&quot;:&quot;classic&quot;}\">\n\t\t\t\t\t<div class=\"e-con-inner\">\n\t\t<div class=\"elementor-element elementor-element-c248003 e-flex e-con-boxed e-con e-child\" data-id=\"c248003\" data-element_type=\"container\" data-e-type=\"container\">\n\t\t\t\t\t<div class=\"e-con-inner\">\n\t\t\t\t<div class=\"elementor-element elementor-element-0cd6647 elementor-widget elementor-widget-heading\" data-id=\"0cd6647\" data-element_type=\"widget\" data-e-type=\"widget\" data-widget_type=\"heading.default\">\n\t\t\t\t<div class=\"elementor-widget-container\">\n\t\t\t\t\t<h1 class=\"elementor-heading-title elementor-size-default\">FAQ<\/h1>\t\t\t\t<\/div>\n\t\t\t\t<\/div>\n\t\t\t\t\t<\/div>\n\t\t\t\t<\/div>\n\t\t\t\t\t<\/div>\n\t\t\t\t<\/div>\n\t\t\t\t<section class=\"elementor-section elementor-top-section elementor-element elementor-element-9lqw26b elementor-section-content-top elementor-section-boxed elementor-section-height-default elementor-section-height-default\" data-id=\"9lqw26b\" data-element_type=\"section\" data-e-type=\"section\" data-settings=\"{&quot;background_background&quot;:&quot;classic&quot;}\">\n\t\t\t\t\t\t\t<div class=\"elementor-background-overlay\"><\/div>\n\t\t\t\t\t\t\t<div class=\"elementor-container elementor-column-gap-no\">\n\t\t\t\t\t<div class=\"elementor-column elementor-col-100 elementor-top-column elementor-element elementor-element-51e9076\" data-id=\"51e9076\" data-element_type=\"column\" data-e-type=\"column\">\n\t\t\t<div class=\"elementor-widget-wrap elementor-element-populated\">\n\t\t\t\t\t\t<div class=\"elementor-element elementor-element-bfa6d99 elementor-widget elementor-widget-heading\" data-id=\"bfa6d99\" data-element_type=\"widget\" data-e-type=\"widget\" data-widget_type=\"heading.default\">\n\t\t\t\t<div class=\"elementor-widget-container\">\n\t\t\t\t\t<h2 class=\"elementor-heading-title elementor-size-default\">Questions Fr\u00e9quentes<\/h2>\t\t\t\t<\/div>\n\t\t\t\t<\/div>\n\t\t\t\t<section class=\"elementor-section elementor-inner-section elementor-element elementor-element-ee4d600 elementor-section-boxed elementor-section-height-default elementor-section-height-default\" data-id=\"ee4d600\" data-element_type=\"section\" data-e-type=\"section\">\n\t\t\t\t\t\t<div class=\"elementor-container elementor-column-gap-default\">\n\t\t\t\t\t<div class=\"elementor-column elementor-col-50 elementor-inner-column elementor-element elementor-element-d6daa70\" data-id=\"d6daa70\" data-element_type=\"column\" data-e-type=\"column\">\n\t\t\t<div class=\"elementor-widget-wrap elementor-element-populated\">\n\t\t\t\t\t\t<div class=\"elementor-element elementor-element-27912c3 elementor-vertical-align-top elementor-widget elementor-widget-image-box\" data-id=\"27912c3\" data-element_type=\"widget\" data-e-type=\"widget\" data-widget_type=\"image-box.default\">\n\t\t\t\t<div class=\"elementor-widget-container\">\n\t\t\t\t\t<div class=\"elementor-image-box-wrapper\"><div class=\"elementor-image-box-content\"><h5 class=\"elementor-image-box-title\">Que dois-je apporter pour mon premier cours ?<\/h5><p class=\"elementor-image-box-description\">Amenez votre maillot de bain, une serviette, un bonnet de bain et des lunettes de natation. Si notre cours a lieu en ext\u00e9rieur, n'oubliez pas la cr\u00e8me solaire ! <\/p><\/div><\/div>\t\t\t\t<\/div>\n\t\t\t\t<\/div>\n\t\t\t\t<div class=\"elementor-element elementor-element-f9e3301 elementor-vertical-align-top elementor-widget elementor-widget-image-box\" data-id=\"f9e3301\" data-element_type=\"widget\" data-e-type=\"widget\" data-widget_type=\"image-box.default\">\n\t\t\t\t<div class=\"elementor-widget-container\">\n\t\t\t\t\t<div class=\"elementor-image-box-wrapper\"><div class=\"elementor-image-box-content\"><h5 class=\"elementor-image-box-title\">Comment faire si je dois annuler un cours ?<\/h5><p class=\"elementor-image-box-description\">Nous comprenons que les horaires peuvent changer. Nous demandons un pr\u00e9avis d'au moins 24 heures pour les annulations afin d'\u00e9viter de facturer la s\u00e9ance.<\/p><\/div><\/div>\t\t\t\t<\/div>\n\t\t\t\t<\/div>\n\t\t\t\t<div class=\"elementor-element elementor-element-2946abe elementor-vertical-align-top elementor-widget elementor-widget-image-box\" data-id=\"2946abe\" data-element_type=\"widget\" data-e-type=\"widget\" data-widget_type=\"image-box.default\">\n\t\t\t\t<div class=\"elementor-widget-container\">\n\t\t\t\t\t<div class=\"elementor-image-box-wrapper\"><div class=\"elementor-image-box-content\"><h5 class=\"elementor-image-box-title\">Comment se pr\u00e9parer aux cours de nage en eau libre ?<\/h5><p class=\"elementor-image-box-description\">La nage en eau libre demande des comp\u00e9tences diff\u00e9rentes de la piscine. Nous recommandons d'avoir d'abord des bases solides en natation, que nous pouvons vous aider \u00e0 d\u00e9velopper avant de passer aux techniques d'eau libre.<\/p><\/div><\/div>\t\t\t\t<\/div>\n\t\t\t\t<\/div>\n\t\t\t\t<div class=\"elementor-element elementor-element-3bc1e89 elementor-vertical-align-top elementor-widget elementor-widget-image-box\" data-id=\"3bc1e89\" data-element_type=\"widget\" data-e-type=\"widget\" data-widget_type=\"image-box.default\">\n\t\t\t\t<div class=\"elementor-widget-container\">\n\t\t\t\t\t<div class=\"elementor-image-box-wrapper\"><div class=\"elementor-image-box-content\"><h5 class=\"elementor-image-box-title\">Proposez-vous des cours hebdomadaires en groupe ?<\/h5><p class=\"elementor-image-box-description translation-block\">Actuellement, Swiss Aquademy se sp\u00e9cialise exclusivement dans les cours particuliers individuels (ou en petit groupe sur demande). Mais bonne nouvelle, des cours hebdomadaires en groupe sont \u00e0 l'\u00e9tude selon l'int\u00e9r\u00eat et la demande des \u00e9l\u00e8ves. Si vous seriez int\u00e9ress\u00e9(e) par des cours en groupe, merci de partager votre email ici et nous vous ajouterons \u00e0 notre liste prioritaire !<\/p><\/div><\/div>\t\t\t\t<\/div>\n\t\t\t\t<\/div>\n\t\t\t\t<div class=\"elementor-element elementor-element-5fe3fd2 elementor-vertical-align-top elementor-widget elementor-widget-image-box\" data-id=\"5fe3fd2\" data-element_type=\"widget\" data-e-type=\"widget\" data-widget_type=\"image-box.default\">\n\t\t\t\t<div class=\"elementor-widget-container\">\n\t\t\t\t\t<div class=\"elementor-image-box-wrapper\"><div class=\"elementor-image-box-content\"><h5 class=\"elementor-image-box-title\">Que se passe-t-il si les conditions m\u00e9t\u00e9o ne conviennent pas pour les cours en eau libre ?<\/h5><p class=\"elementor-image-box-description\">La s\u00e9curit\u00e9 est notre priorit\u00e9 absolue. Si les conditions m\u00e9t\u00e9orologiques ou aquatiques ne sont pas s\u00fbres pour l'entra\u00eenement en eau libre, nous reporterons votre cours ou, quand c'est possible, proposerons une s\u00e9ance alternative en piscine couverte pour travailler la technique qui b\u00e9n\u00e9ficiera \u00e0 votre natation en eau libre.<\/p><\/div><\/div>\t\t\t\t<\/div>\n\t\t\t\t<\/div>\n\t\t\t\t\t<\/div>\n\t\t<\/div>\n\t\t\t\t<div class=\"elementor-column elementor-col-50 elementor-inner-column elementor-element elementor-element-ea29147\" data-id=\"ea29147\" data-element_type=\"column\" data-e-type=\"column\">\n\t\t\t<div class=\"elementor-widget-wrap elementor-element-populated\">\n\t\t\t\t\t\t<div class=\"elementor-element elementor-element-c7ec460 elementor-vertical-align-top elementor-widget elementor-widget-image-box\" data-id=\"c7ec460\" data-element_type=\"widget\" data-e-type=\"widget\" data-widget_type=\"image-box.default\">\n\t\t\t\t<div class=\"elementor-widget-container\">\n\t\t\t\t\t<div class=\"elementor-image-box-wrapper\"><div class=\"elementor-image-box-content\"><h5 class=\"elementor-image-box-title\">Donnez-vous des cours en fran\u00e7ais  ?<\/h5><p class=\"elementor-image-box-description\">Oui ! Les cours sont disponibles en fran\u00e7ais et en anglais selon vos pr\u00e9f\u00e9rences.<\/p><\/div><\/div>\t\t\t\t<\/div>\n\t\t\t\t<\/div>\n\t\t\t\t<div class=\"elementor-element elementor-element-14cc187 elementor-vertical-align-top elementor-widget elementor-widget-image-box\" data-id=\"14cc187\" data-element_type=\"widget\" data-e-type=\"widget\" data-widget_type=\"image-box.default\">\n\t\t\t\t<div class=\"elementor-widget-container\">\n\t\t\t\t\t<div class=\"elementor-image-box-wrapper\"><div class=\"elementor-image-box-content\"><h5 class=\"elementor-image-box-title\">Y a-t-il un \u00e2ge minimum pour les cours enfants ?<\/h5><p class=\"elementor-image-box-description\">Nous acceptons les enfants d\u00e8s 4 ans pour les cours particuliers. Chaque enfant \u00e9volue \u00e0 son propre rythme, et notre approche personnalis\u00e9e s'adapte \u00e0 ses besoins sp\u00e9cifiques.<\/p><\/div><\/div>\t\t\t\t<\/div>\n\t\t\t\t<\/div>\n\t\t\t\t<div class=\"elementor-element elementor-element-05930ba elementor-vertical-align-top elementor-widget elementor-widget-image-box\" data-id=\"05930ba\" data-element_type=\"widget\" data-e-type=\"widget\" data-widget_type=\"image-box.default\">\n\t\t\t\t<div class=\"elementor-widget-container\">\n\t\t\t\t\t<div class=\"elementor-image-box-wrapper\"><div class=\"elementor-image-box-content\"><h5 class=\"elementor-image-box-title\">Pouvez-vous donner des cours chez moi ?<\/h5><p class=\"elementor-image-box-description\">Oui, nous proposons des cours particuliers dans les piscines priv\u00e9es du Canton de Gen\u00e8ve. Votre piscine doit avoir une taille suffisante pour un enseignement efficace. Contactez-nous pour plus de d\u00e9tails sur cette option.<\/p><\/div><\/div>\t\t\t\t<\/div>\n\t\t\t\t<\/div>\n\t\t\t\t<div class=\"elementor-element elementor-element-052989c elementor-vertical-align-top elementor-widget elementor-widget-image-box\" data-id=\"052989c\" data-element_type=\"widget\" data-e-type=\"widget\" data-widget_type=\"image-box.default\">\n\t\t\t\t<div class=\"elementor-widget-container\">\n\t\t\t\t\t<div class=\"elementor-image-box-wrapper\"><div class=\"elementor-image-box-content\"><h5 class=\"elementor-image-box-title\">Proposez-vous des cours en groupe ? <\/h5><p class=\"elementor-image-box-description\">Oui, nous proposons des cours en petit groupe pour jusqu'\u00e0 3 personnes \u00e0 des tarifs sp\u00e9cialement ajust\u00e9s. Cette option est id\u00e9ale pour les familles, amis ou couples qui pr\u00e9f\u00e8rent apprendre ensemble tout en b\u00e9n\u00e9ficiant d'un enseignement personnalis\u00e9 et cibl\u00e9. Pour organiser un cours en petit groupe, mentionnez votre int\u00e9r\u00eat lors de votre consultation initiale. Nous discuterons de la dynamique de groupe, des options d'horaires et des tarifs adapt\u00e9s.<\/p><\/div><\/div>\t\t\t\t<\/div>\n\t\t\t\t<\/div>\n\t\t\t\t\t<\/div>\n\t\t<\/div>\n\t\t\t\t\t<\/div>\n\t\t<\/section>\n\t\t\t\t\t<\/div>\n\t\t<\/div>\n\t\t\t\t\t<\/div>\n\t\t<\/section>\n\t\t\t\t<\/div>","protected":false},"excerpt":{"rendered":"<p>FAQ Frequently Asked Questions What should I bring to my first lesson?\u200b Bring your swimwear, a towel, a swim cap, and goggles. If our lesson is outdoors, don&#8217;t forget sunscreen! What if I need to cancel a lesson? We understand that schedules can change. We request at least 24 hours&#8217; notice for cancellations to avoid [&hellip;]<\/p>\n","protected":false},"author":1,"featured_media":0,"parent":0,"menu_order":0,"comment_status":"closed","ping_status":"closed","template":"","meta":{"site-sidebar-layout":"no-sidebar","site-content-layout":"page-builder","ast-site-content-layout":"full-width-container","site-content-style":"default","site-sidebar-style":"default","ast-global-header-display":"","ast-banner-title-visibility":"","ast-main-header-display":"","ast-hfb-above-header-display":"","ast-hfb-below-header-display":"","ast-hfb-mobile-header-display":"","site-post-title":"disabled","ast-breadcrumbs-content":"","ast-featured-img":"disabled","footer-sml-layout":"","ast-disable-related-posts":"","theme-transparent-header-meta":"","adv-header-id-meta":"","stick-header-meta":"","header-above-stick-meta":"","header-main-stick-meta":"","header-below-stick-meta":"","astra-migrate-meta-layouts":"set","ast-page-background-enabled":"default","ast-page-background-meta":{"desktop":{"background-color":"var(--ast-global-color-4)","background-image":"","background-repeat":"repeat","background-position":"center center","background-size":"auto","background-attachment":"scroll","background-type":"","background-media":"","overlay-type":"","overlay-color":"","overlay-opacity":"","overlay-gradient":""},"tablet":{"background-color":"","background-image":"","background-repeat":"repeat","background-position":"center center","background-size":"auto","background-attachment":"scroll","background-type":"","background-media":"","overlay-type":"","overlay-color":"","overlay-opacity":"","overlay-gradient":""},"mobile":{"background-color":"","background-image":"","background-repeat":"repeat","background-position":"center center","background-size":"auto","background-attachment":"scroll","background-type":"","background-media":"","overlay-type":"","overlay-color":"","overlay-opacity":"","overlay-gradient":""}},"ast-content-background-meta":{"desktop":{"background-color":"var(--ast-global-color-5)","background-image":"","background-repeat":"repeat","background-position":"center center","background-size":"auto","background-attachment":"scroll","background-type":"","background-media":"","overlay-type":"","overlay-color":"","overlay-opacity":"","overlay-gradient":""},"tablet":{"background-color":"var(--ast-global-color-5)","background-image":"","background-repeat":"repeat","background-position":"center center","background-size":"auto","background-attachment":"scroll","background-type":"","background-media":"","overlay-type":"","overlay-color":"","overlay-opacity":"","overlay-gradient":""},"mobile":{"background-color":"var(--ast-global-color-5)","background-image":"","background-repeat":"repeat","background-position":"center center","background-size":"auto","background-attachment":"scroll","background-type":"","background-media":"","overlay-type":"","overlay-color":"","overlay-opacity":"","overlay-gradient":""}},"footnotes":""},"class_list":["post-4575","page","type-page","status-publish","hentry"],"yoast_head":"<!-- This site is optimized with the Yoast SEO plugin v27.4 - https:\/\/yoast.com\/product\/yoast-seo-wordpress\/ -->\n<title>FAQ - Swiss Aquademy<\/title>\n<meta name=\"robots\" content=\"index, follow, max-snippet:-1, max-image-preview:large, max-video-preview:-1\" \/>\n<link rel=\"canonical\" href=\"https:\/\/www.swissaquademy.com\/fr\/faq\/\" \/>\n<meta property=\"og:locale\" content=\"fr_FR\" \/>\n<meta property=\"og:type\" content=\"article\" \/>\n<meta property=\"og:title\" content=\"FAQ - Swiss Aquademy\" \/>\n<meta property=\"og:description\" content=\"FAQ Frequently Asked Questions What should I bring to my first lesson?\u200b Bring your swimwear, a towel, a swim cap, and goggles. If our lesson is outdoors, don&#8217;t forget sunscreen! What if I need to cancel a lesson? We understand that schedules can change. We request at least 24 hours&#8217; notice for cancellations to avoid [&hellip;]\" \/>\n<meta property=\"og:url\" content=\"https:\/\/www.swissaquademy.com\/fr\/faq\/\" \/>\n<meta property=\"og:site_name\" content=\"Swiss Aquademy\" \/>\n<meta property=\"article:modified_time\" content=\"2025-08-19T18:38:47+00:00\" \/>\n<meta name=\"twitter:card\" content=\"summary_large_image\" \/>\n<meta name=\"twitter:label1\" content=\"Dur\u00e9e de lecture estim\u00e9e\" \/>\n\t<meta name=\"twitter:data1\" content=\"2 minutes\" \/>\n<script type=\"application\/ld+json\" class=\"yoast-schema-graph\">{\"@context\":\"https:\\\/\\\/schema.org\",\"@graph\":[{\"@type\":\"WebPage\",\"@id\":\"https:\\\/\\\/www.swissaquademy.com\\\/faq\\\/\",\"url\":\"https:\\\/\\\/www.swissaquademy.com\\\/faq\\\/\",\"name\":\"FAQ - Swiss Aquademy\",\"isPartOf\":{\"@id\":\"https:\\\/\\\/www.swissaquademy.com\\\/#website\"},\"datePublished\":\"2025-05-28T16:28:45+00:00\",\"dateModified\":\"2025-08-19T18:38:47+00:00\",\"breadcrumb\":{\"@id\":\"https:\\\/\\\/www.swissaquademy.com\\\/faq\\\/#breadcrumb\"},\"inLanguage\":\"fr-FR\",\"potentialAction\":[{\"@type\":\"ReadAction\",\"target\":[\"https:\\\/\\\/www.swissaquademy.com\\\/faq\\\/\"]}]},{\"@type\":\"BreadcrumbList\",\"@id\":\"https:\\\/\\\/www.swissaquademy.com\\\/faq\\\/#breadcrumb\",\"itemListElement\":[{\"@type\":\"ListItem\",\"position\":1,\"name\":\"Home\",\"item\":\"https:\\\/\\\/www.swissaquademy.com\\\/\"},{\"@type\":\"ListItem\",\"position\":2,\"name\":\"FAQ\"}]},{\"@type\":\"WebSite\",\"@id\":\"https:\\\/\\\/www.swissaquademy.com\\\/#website\",\"url\":\"https:\\\/\\\/www.swissaquademy.com\\\/\",\"name\":\"Swiss Aquademy\",\"description\":\"Private Swimming Lessons in Geneva\",\"publisher\":{\"@id\":\"https:\\\/\\\/www.swissaquademy.com\\\/#organization\"},\"potentialAction\":[{\"@type\":\"SearchAction\",\"target\":{\"@type\":\"EntryPoint\",\"urlTemplate\":\"https:\\\/\\\/www.swissaquademy.com\\\/?s={search_term_string}\"},\"query-input\":{\"@type\":\"PropertyValueSpecification\",\"valueRequired\":true,\"valueName\":\"search_term_string\"}}],\"inLanguage\":\"fr-FR\"},{\"@type\":\"Organization\",\"@id\":\"https:\\\/\\\/www.swissaquademy.com\\\/#organization\",\"name\":\"Swiss Aquademy\",\"url\":\"https:\\\/\\\/www.swissaquademy.com\\\/\",\"logo\":{\"@type\":\"ImageObject\",\"inLanguage\":\"fr-FR\",\"@id\":\"https:\\\/\\\/www.swissaquademy.com\\\/#\\\/schema\\\/logo\\\/image\\\/\",\"url\":\"https:\\\/\\\/www.swissaquademy.com\\\/wp-content\\\/uploads\\\/2025\\\/05\\\/cropped-Adobe-Express-file.png\",\"contentUrl\":\"https:\\\/\\\/www.swissaquademy.com\\\/wp-content\\\/uploads\\\/2025\\\/05\\\/cropped-Adobe-Express-file.png\",\"width\":1726,\"height\":1708,\"caption\":\"Swiss Aquademy\"},\"image\":{\"@id\":\"https:\\\/\\\/www.swissaquademy.com\\\/#\\\/schema\\\/logo\\\/image\\\/\"}}]}<\/script>\n<!-- \/ Yoast SEO plugin. -->","yoast_head_json":{"title":"FAQ - Swiss Aquademy","robots":{"index":"index","follow":"follow","max-snippet":"max-snippet:-1","max-image-preview":"max-image-preview:large","max-video-preview":"max-video-preview:-1"},"canonical":"https:\/\/www.swissaquademy.com\/fr\/faq\/","og_locale":"fr_FR","og_type":"article","og_title":"FAQ - Swiss Aquademy","og_description":"FAQ Frequently Asked Questions What should I bring to my first lesson?\u200b Bring your swimwear, a towel, a swim cap, and goggles. If our lesson is outdoors, don&#8217;t forget sunscreen! What if I need to cancel a lesson? We understand that schedules can change. We request at least 24 hours&#8217; notice for cancellations to avoid [&hellip;]","og_url":"https:\/\/www.swissaquademy.com\/fr\/faq\/","og_site_name":"Swiss Aquademy","article_modified_time":"2025-08-19T18:38:47+00:00","twitter_card":"summary_large_image","twitter_misc":{"Dur\u00e9e de lecture estim\u00e9e":"2 minutes"},"schema":{"@context":"https:\/\/schema.org","@graph":[{"@type":"WebPage","@id":"https:\/\/www.swissaquademy.com\/faq\/","url":"https:\/\/www.swissaquademy.com\/faq\/","name":"FAQ - Swiss Aquademy","isPartOf":{"@id":"https:\/\/www.swissaquademy.com\/#website"},"datePublished":"2025-05-28T16:28:45+00:00","dateModified":"2025-08-19T18:38:47+00:00","breadcrumb":{"@id":"https:\/\/www.swissaquademy.com\/faq\/#breadcrumb"},"inLanguage":"fr-FR","potentialAction":[{"@type":"ReadAction","target":["https:\/\/www.swissaquademy.com\/faq\/"]}]},{"@type":"BreadcrumbList","@id":"https:\/\/www.swissaquademy.com\/faq\/#breadcrumb","itemListElement":[{"@type":"ListItem","position":1,"name":"Home","item":"https:\/\/www.swissaquademy.com\/"},{"@type":"ListItem","position":2,"name":"FAQ"}]},{"@type":"WebSite","@id":"https:\/\/www.swissaquademy.com\/#website","url":"https:\/\/www.swissaquademy.com\/","name":"Swiss Aquademy","description":"Private Swimming Lessons in Geneva","publisher":{"@id":"https:\/\/www.swissaquademy.com\/#organization"},"potentialAction":[{"@type":"SearchAction","target":{"@type":"EntryPoint","urlTemplate":"https:\/\/www.swissaquademy.com\/?s={search_term_string}"},"query-input":{"@type":"PropertyValueSpecification","valueRequired":true,"valueName":"search_term_string"}}],"inLanguage":"fr-FR"},{"@type":"Organization","@id":"https:\/\/www.swissaquademy.com\/#organization","name":"Swiss Aquademy","url":"https:\/\/www.swissaquademy.com\/","logo":{"@type":"ImageObject","inLanguage":"fr-FR","@id":"https:\/\/www.swissaquademy.com\/#\/schema\/logo\/image\/","url":"https:\/\/www.swissaquademy.com\/wp-content\/uploads\/2025\/05\/cropped-Adobe-Express-file.png","contentUrl":"https:\/\/www.swissaquademy.com\/wp-content\/uploads\/2025\/05\/cropped-Adobe-Express-file.png","width":1726,"height":1708,"caption":"Swiss Aquademy"},"image":{"@id":"https:\/\/www.swissaquademy.com\/#\/schema\/logo\/image\/"}}]}},"_links":{"self":[{"href":"https:\/\/www.swissaquademy.com\/fr\/wp-json\/wp\/v2\/pages\/4575","targetHints":{"allow":["GET"]}}],"collection":[{"href":"https:\/\/www.swissaquademy.com\/fr\/wp-json\/wp\/v2\/pages"}],"about":[{"href":"https:\/\/www.swissaquademy.com\/fr\/wp-json\/wp\/v2\/types\/page"}],"author":[{"embeddable":true,"href":"https:\/\/www.swissaquademy.com\/fr\/wp-json\/wp\/v2\/users\/1"}],"replies":[{"embeddable":true,"href":"https:\/\/www.swissaquademy.com\/fr\/wp-json\/wp\/v2\/comments?post=4575"}],"version-history":[{"count":17,"href":"https:\/\/www.swissaquademy.com\/fr\/wp-json\/wp\/v2\/pages\/4575\/revisions"}],"predecessor-version":[{"id":4862,"href":"https:\/\/www.swissaquademy.com\/fr\/wp-json\/wp\/v2\/pages\/4575\/revisions\/4862"}],"wp:attachment":[{"href":"https:\/\/www.swissaquademy.com\/fr\/wp-json\/wp\/v2\/media?parent=4575"}],"curies":[{"name":"wp","href":"https:\/\/api.w.org\/{rel}","templated":true}]}}